{"id":102,"date":"2025-09-04T09:20:02","date_gmt":"2025-09-04T09:20:02","guid":{"rendered":"https:\/\/example.com\/?page_id=102"},"modified":"2025-09-06T08:15:01","modified_gmt":"2025-09-06T08:15:01","slug":"el-centro","status":"publish","type":"page","link":"https:\/\/centrocsalhaurin.es\/","title":{"rendered":"El Centro"},"content":{"rendered":"\n<h2 class=\"wp-block-heading has-text-color has-link-color has-large-font-size wp-elements-09a4b76a952b836b492603ec132d1478\" style=\"color:#738276\">Bienvenidos a Centro CS Alhaurin de la Torre<\/h2>\n\n\n\n<div id=\"section-g-4lfvfsl\" class=\"wp-block-gutentor-e0 section-g-4lfvfsl gutentor-element gutentor-element-advanced-text\"><div class=\"gutentor-text-wrap\"><div class=\"gutentor-text\">En Centro CS encontrar\u00e1s un lugar dedicado a tu bienestar y movimiento, con profesionales cualificados que comparten la misma pasi\u00f3n: ayudarte a sentirte mejor, en el coraz\u00f3n de Alhaur\u00edn de la Torre.<\/div><\/div><\/div>\n\n\n\n<div class=\"wp-block-buttons is-layout-flex wp-block-buttons-is-layout-flex\">\n<div class=\"wp-block-button has-custom-width wp-block-button__width-50\"><a class=\"wp-block-button__link has-white-color has-text-color has-background has-link-color wp-element-button\" href=\"https:\/\/ifisia.online\/naturopatialatorre\" style=\"background-color:#738276\">Reservar Cita<\/a><\/div>\n\n\n\n<div class=\"wp-block-button has-custom-width wp-block-button__width-50\" id=\"https:\/\/centrocsalhaurin.es\/?page_id=104\"><a class=\"wp-block-button__link has-white-color has-text-color has-background has-link-color wp-element-button\" href=\"https:\/\/centrocsalhaurin.es\/?page_id=104\" style=\"background-color:#738276\">Soy profesional, Quiero informaci\u00f3n<\/a><\/div>\n<\/div>\n\n\n\n<h2 class=\"wp-block-heading has-text-color has-link-color has-large-font-size wp-elements-efefdc6e7f0d7d6e53c76aed92ff9cdb\" style=\"color:#738276\">El Centro<\/h2>\n\n\n\n<div id=\"section-g-8i1pp8l\" class=\"wp-block-gutentor-e0 section-g-8i1pp8l gutentor-element gutentor-element-advanced-text text-align-center-desktop\"><div class=\"gutentor-text-wrap\"><div class=\"gutentor-text\">Soy <strong>Jose Chamizo Aguilar<\/strong>, oste\u00f3pata. Tras a\u00f1os de trabajo individual, decid\u00ed abrir un espacio m\u00e1s amplio para ofrecer un entorno donde confluyen distintas formas de trabajar el movimiento y el bienestar. As\u00ed nace <strong>Centro CS<\/strong>, un proyecto que combina tradici\u00f3n y evoluci\u00f3n en un lugar abierto y cercano.<br>Sala 1: equipada con camilla el\u00e9ctrica, ambiente tranquilo.<br>Sala 2: con camilla el\u00e9ctrica, ec\u00f3grafo y material auxiliar.<br>Sala polivalente de 30 m\u00b2 para actividades y grupos reducidos.<\/div><\/div><\/div>\n\n\n\n<div class=\"wp-block-buttons is-layout-flex wp-block-buttons-is-layout-flex\"><\/div>\n","protected":false},"excerpt":{"rendered":"<p>Bienvenidos a Centro CS Alhaurin de la Torre El Centro<\/p>\n","protected":false},"author":1,"featured_media":0,"parent":0,"menu_order":0,"comment_status":"closed","ping_status":"closed","template":"","meta":{"footnotes":""},"class_list":["post-102","page","type-page","status-publish","hentry"],"_links":{"self":[{"href":"https:\/\/centrocsalhaurin.es\/index.php?rest_route=\/wp\/v2\/pages\/102","targetHints":{"allow":["GET"]}}],"collection":[{"href":"https:\/\/centrocsalhaurin.es\/index.php?rest_route=\/wp\/v2\/pages"}],"about":[{"href":"https:\/\/centrocsalhaurin.es\/index.php?rest_route=\/wp\/v2\/types\/page"}],"author":[{"embeddable":true,"href":"https:\/\/centrocsalhaurin.es\/index.php?rest_route=\/wp\/v2\/users\/1"}],"replies":[{"embeddable":true,"href":"https:\/\/centrocsalhaurin.es\/index.php?rest_route=%2Fwp%2Fv2%2Fcomments&post=102"}],"version-history":[{"count":15,"href":"https:\/\/centrocsalhaurin.es\/index.php?rest_route=\/wp\/v2\/pages\/102\/revisions"}],"predecessor-version":[{"id":231,"href":"https:\/\/centrocsalhaurin.es\/index.php?rest_route=\/wp\/v2\/pages\/102\/revisions\/231"}],"wp:attachment":[{"href":"https:\/\/centrocsalhaurin.es\/index.php?rest_route=%2Fwp%2Fv2%2Fmedia&parent=102"}],"curies":[{"name":"wp","href":"https:\/\/api.w.org\/{rel}","templated":true}]}}