{"id":103,"date":"2025-09-04T09:20:02","date_gmt":"2025-09-04T09:20:02","guid":{"rendered":"https:\/\/example.com\/?page_id=103"},"modified":"2025-09-06T08:18:47","modified_gmt":"2025-09-06T08:18:47","slug":"profesionales","status":"publish","type":"page","link":"https:\/\/centrocsalhaurin.es\/?page_id=103","title":{"rendered":"Profesionales"},"content":{"rendered":"\n<section id=\"g-wi2golc\" class=\"wp-block-gutentor-m2 section-g-wi2golc gutentor-module gutentor-dynamic-columns\"><div class=\"grid-container\"><div class=\"grid-row\">\n<div id=\"col-g-xsxs752\" class=\"wp-block-gutentor-m2-col col-g-xsxs752 gutentor-module gutentor-dynamic-single-column grid-lg-4 grid-md-4 grid-12\"><div id=\"section-g-xsxs752\" class=\"section-g-xsxs752 gutentor-single-col\">\n<figure class=\"wp-block-image size-large\"><img loading=\"lazy\" decoding=\"async\" width=\"683\" height=\"1024\" src=\"https:\/\/centrocsalhaurin.es\/wp-content\/uploads\/2025\/09\/IMG_0382-1-683x1024.jpg\" alt=\"\" class=\"wp-image-207\" srcset=\"https:\/\/centrocsalhaurin.es\/wp-content\/uploads\/2025\/09\/IMG_0382-1-683x1024.jpg 683w, https:\/\/centrocsalhaurin.es\/wp-content\/uploads\/2025\/09\/IMG_0382-1-200x300.jpg 200w, https:\/\/centrocsalhaurin.es\/wp-content\/uploads\/2025\/09\/IMG_0382-1-768x1152.jpg 768w, https:\/\/centrocsalhaurin.es\/wp-content\/uploads\/2025\/09\/IMG_0382-1-1024x1536.jpg 1024w, https:\/\/centrocsalhaurin.es\/wp-content\/uploads\/2025\/09\/IMG_0382-1-1365x2048.jpg 1365w, https:\/\/centrocsalhaurin.es\/wp-content\/uploads\/2025\/09\/IMG_0382-1-scaled.jpg 1707w\" sizes=\"auto, (max-width: 683px) 100vw, 683px\" \/><\/figure>\n\n\n\n<h2 class=\"wp-block-heading has-text-color has-link-color wp-elements-41467a9cad4944784c931fd079fe1c6e\" style=\"color:#738276\">Osteopat\u00eda<\/h2>\n\n\n\n<h2 class=\"wp-block-heading\">Jose Chamizo Aguilar<\/h2>\n\n\n\n<p style=\"font-style:normal;font-weight:600;letter-spacing:1px\">Desde peque\u00f1o fui un entusiasta del deporte y la salud. Tras iniciarme en el masaje en 2007, decid\u00ed profundizar en el mundo de la Osteopat\u00eda en 2009. Esto me llev\u00f3 hasta Copenhague (Dinamarca), donde me form\u00e9 tanto pr\u00e1ctica como te\u00f3ricamente con grandes profesionales. En 2013 abr\u00ed mi propia consulta &#8216;Naturopat\u00eda La Torre&#8217;. Desde entonces sigo en continua formaci\u00f3n, con hitos como finalizar la normativa europea UNE-EN 16686:2015 en la Universidad Europea del Atl\u00e1ntico (Santander) y el M\u00e1ster de Especialidades Osteop\u00e1ticas en el Instituto Internacional de Osteopat\u00eda Avanzada (Donosti, 2021). Mi enfoque es global, cercano y siempre en evoluci\u00f3n. En 2024 decid\u00ed dar un paso m\u00e1s y emprender la apertura de un centro multidisciplinar: Centro CS, donde actualmente desarrollo mi labor junto a otros profesionales.<\/p>\n\n\n\n<div class=\"wp-block-buttons is-layout-flex wp-block-buttons-is-layout-flex\" id=\"https:\/\/wa.me\/34605439813?text=Hola,%20me%20gustar%C3%ADa%20pedir%20cita%20con%20el%20oste%C3%B3pata%20Jose%20Chamizo\">\n<div class=\"wp-block-button is-style-fill\"><a class=\"wp-block-button__link has-white-color has-text-color has-background has-link-color wp-element-button\" href=\"https:\/\/wa.me\/34605439813?text=Hola,%20me%20gustar%C3%ADa%20pedir%20cita%20con%20el%20oste%C3%B3pata%20Jose%20Chamizo\" style=\"background-color:#738276\" rel=\"https:\/\/wa.me\/34605439813?text=Hola,%20me%20gustar%C3%ADa%20pedir%20cita%20con%20el%20oste%C3%B3pata%20Jose%20Chamizo\">Whatsapp Jose<\/a><\/div>\n<\/div>\n<\/div><\/div>\n\n\n\n<div id=\"col-g-5jlt61m\" class=\"wp-block-gutentor-m2-col col-g-5jlt61m gutentor-module gutentor-dynamic-single-column grid-lg-4 grid-md-4 grid-12\"><div id=\"section-g-5jlt61m\" class=\"section-g-5jlt61m gutentor-single-col\">\n<figure class=\"wp-block-image size-large\"><img loading=\"lazy\" decoding=\"async\" width=\"683\" height=\"1024\" src=\"https:\/\/centrocsalhaurin.es\/wp-content\/uploads\/2025\/09\/IMG_0390-683x1024.jpg\" alt=\"\" class=\"wp-image-183\" srcset=\"https:\/\/centrocsalhaurin.es\/wp-content\/uploads\/2025\/09\/IMG_0390-683x1024.jpg 683w, https:\/\/centrocsalhaurin.es\/wp-content\/uploads\/2025\/09\/IMG_0390-200x300.jpg 200w, https:\/\/centrocsalhaurin.es\/wp-content\/uploads\/2025\/09\/IMG_0390-768x1152.jpg 768w, https:\/\/centrocsalhaurin.es\/wp-content\/uploads\/2025\/09\/IMG_0390-1024x1536.jpg 1024w, https:\/\/centrocsalhaurin.es\/wp-content\/uploads\/2025\/09\/IMG_0390-1365x2048.jpg 1365w, https:\/\/centrocsalhaurin.es\/wp-content\/uploads\/2025\/09\/IMG_0390-scaled.jpg 1707w\" sizes=\"auto, (max-width: 683px) 100vw, 683px\" \/><\/figure>\n\n\n\n<h2 class=\"wp-block-heading has-text-color has-link-color wp-elements-b3619581c14ee51f9d072a4823a941a3\" style=\"color:#738276\">Fisioterapia<\/h2>\n\n\n\n<h2 class=\"wp-block-heading\">Daniel Torres<\/h2>\n\n\n\n<p style=\"font-style:normal;font-weight:600;letter-spacing:1px\">Soy Daniel Torres D\u00edaz, fisioterapeuta natural de Ja\u00e9n y actualmente trabajando en M\u00e1laga. Desde joven descubr\u00ed mi inter\u00e9s por la fisioterapia a trav\u00e9s del deporte, comprendiendo la importancia de un abordaje adecuado tanto en la prevenci\u00f3n como en la recuperaci\u00f3n de lesiones. Mi vocaci\u00f3n siempre ha estado ligada al \u00e1mbito deportivo, lo que me ha permitido desarrollar un enfoque especializado en la atenci\u00f3n a personas activas y deportistas. En mi pr\u00e1ctica aplico tanto terapias manuales como t\u00e9cnicas invasivas, ofreciendo un acompa\u00f1amiento personalizado con el objetivo de mejorar la funcionalidad, reducir el dolor y optimizar el rendimiento f\u00edsico de cada persona.<\/p>\n\n\n\n<div class=\"wp-block-buttons is-layout-flex wp-block-buttons-is-layout-flex\" id=\"https:\/\/wa.me\/34684013643?text=Hola,%20me%20gustar%C3%ADa%20pedir%20cita%20con%20el%20fisioterapeuta%20Daniel%20Torres\">\n<div class=\"wp-block-button\"><a class=\"wp-block-button__link has-white-color has-text-color has-background has-link-color wp-element-button\" href=\"https:\/\/wa.me\/34684013643?text=Hola,%20me%20gustar%C3%ADa%20pedir%20cita%20con%20el%20fisioterapeuta%20Daniel%20Torres\" style=\"background-color:#738276\">Whatsapp Daniel<\/a><\/div>\n<\/div>\n<\/div><\/div>\n\n\n\n<div id=\"col-g-88hcee6\" class=\"wp-block-gutentor-m2-col col-g-88hcee6 gutentor-module gutentor-dynamic-single-column grid-lg-4 grid-md-4 grid-12\"><div id=\"section-g-88hcee6\" class=\"section-g-88hcee6 gutentor-single-col\">\n<figure class=\"wp-block-image size-large\"><img loading=\"lazy\" decoding=\"async\" width=\"1024\" height=\"683\" src=\"https:\/\/centrocsalhaurin.es\/wp-content\/uploads\/2025\/09\/IMG_0397-1024x683.jpg\" alt=\"\" class=\"wp-image-186\" srcset=\"https:\/\/centrocsalhaurin.es\/wp-content\/uploads\/2025\/09\/IMG_0397-1024x683.jpg 1024w, https:\/\/centrocsalhaurin.es\/wp-content\/uploads\/2025\/09\/IMG_0397-300x200.jpg 300w, https:\/\/centrocsalhaurin.es\/wp-content\/uploads\/2025\/09\/IMG_0397-768x512.jpg 768w, https:\/\/centrocsalhaurin.es\/wp-content\/uploads\/2025\/09\/IMG_0397-1536x1024.jpg 1536w, https:\/\/centrocsalhaurin.es\/wp-content\/uploads\/2025\/09\/IMG_0397-2048x1365.jpg 2048w\" sizes=\"auto, (max-width: 1024px) 100vw, 1024px\" \/><\/figure>\n\n\n\n<h2 class=\"wp-block-heading has-text-color has-link-color wp-elements-d21a227ab2d5d68df9cc4f24bceaff43\" style=\"color:#738276\">Acondicionamiento F\u00edsico<\/h2>\n\n\n\n<h2 class=\"wp-block-heading\">Ana Chamizo<\/h2>\n\n\n\n<p style=\"font-style:normal;font-weight:600;letter-spacing:1px\">Soy T\u00e9cnico Superior en Actividades F\u00edsicas y Animaci\u00f3n Deportiva. Mi objetivo es que la actividad f\u00edsica se integre en el d\u00eda a d\u00eda como un aliado para mejorar la salud, ganar fuerza y prevenir molestias. Trabajo en grupos reducidos, con seguimiento cercano y ejercicios adaptados a cada persona. Mis clases se centran en recuperar y mantener la masa muscular, mejorar la fuerza funcional y la movilidad, y prevenir dolores asociados al sedentarismo o al paso del tiempo. Creo firmemente que el ejercicio debe ser seguro, motivador y accesible, una herramienta clave para disfrutar de una mejor calidad de vida.<\/p>\n\n\n\n<div class=\"wp-block-buttons is-layout-flex wp-block-buttons-is-layout-flex\" id=\"https:\/\/wa.me\/34605209614?text=Hola,%20estoy%20interesad@%20en%20sus%20clases%20de%20grupos%20reducidos.%20%C2%BFMe%20puede%20informar?\">\n<div class=\"wp-block-button\"><a class=\"wp-block-button__link has-white-color has-text-color has-background has-link-color wp-element-button\" href=\"https:\/\/wa.me\/34605209614?text=Hola,%20estoy%20interesad@%20en%20sus%20clases%20de%20grupos%20reducidos,%20%C2%BFme%20puede%20informar?\" style=\"background-color:#738276\">Whatsapp Ana<\/a><\/div>\n<\/div>\n<\/div><\/div>\n\n\n\n<div id=\"col-g-h8d3l7o\" class=\"wp-block-gutentor-m2-col col-g-h8d3l7o gutentor-module gutentor-dynamic-single-column grid-lg-4 grid-md-4 grid-12\"><div id=\"section-g-h8d3l7o\" class=\"section-g-h8d3l7o gutentor-single-col\"><\/div><\/div>\n<\/div><\/div><\/section>\n","protected":false},"excerpt":{"rendered":"","protected":false},"author":1,"featured_media":0,"parent":0,"menu_order":0,"comment_status":"closed","ping_status":"closed","template":"","meta":{"footnotes":""},"class_list":["post-103","page","type-page","status-publish","hentry"],"_links":{"self":[{"href":"https:\/\/centrocsalhaurin.es\/index.php?rest_route=\/wp\/v2\/pages\/103","targetHints":{"allow":["GET"]}}],"collection":[{"href":"https:\/\/centrocsalhaurin.es\/index.php?rest_route=\/wp\/v2\/pages"}],"about":[{"href":"https:\/\/centrocsalhaurin.es\/index.php?rest_route=\/wp\/v2\/types\/page"}],"author":[{"embeddable":true,"href":"https:\/\/centrocsalhaurin.es\/index.php?rest_route=\/wp\/v2\/users\/1"}],"replies":[{"embeddable":true,"href":"https:\/\/centrocsalhaurin.es\/index.php?rest_route=%2Fwp%2Fv2%2Fcomments&post=103"}],"version-history":[{"count":13,"href":"https:\/\/centrocsalhaurin.es\/index.php?rest_route=\/wp\/v2\/pages\/103\/revisions"}],"predecessor-version":[{"id":235,"href":"https:\/\/centrocsalhaurin.es\/index.php?rest_route=\/wp\/v2\/pages\/103\/revisions\/235"}],"wp:attachment":[{"href":"https:\/\/centrocsalhaurin.es\/index.php?rest_route=%2Fwp%2Fv2%2Fmedia&parent=103"}],"curies":[{"name":"wp","href":"https:\/\/api.w.org\/{rel}","templated":true}]}}